{"id":1080,"date":"2021-02-02T23:16:02","date_gmt":"2021-02-02T23:16:02","guid":{"rendered":"http:\/\/www.het-stekje.nl\/?page_id=1080"},"modified":"2021-08-15T18:45:40","modified_gmt":"2021-08-15T18:45:40","slug":"vakantiehuis-het-stekje","status":"publish","type":"page","link":"https:\/\/het-stekje.nl\/de\/vakantiehuis-het-stekje\/","title":{"rendered":"\u2019T Stekje"},"content":{"rendered":"<div data-elementor-type=\"wp-page\" data-elementor-id=\"1080\" class=\"elementor elementor-1080\" data-elementor-settings=\"[]\">\n\t\t\t\t\t\t<div class=\"elementor-inner\">\n\t\t\t\t\t\t\t<div class=\"elementor-section-wrap\">\n\t\t\t\t\t\t\t<section class=\"elementor-section elementor-top-section elementor-element elementor-element-147b40d elementor-section-height-min-height elementor-section-boxed elementor-section-height-default elementor-section-items-middle\" data-id=\"147b40d\" data-element_type=\"section\" data-settings=\"{&quot;background_background&quot;:&quot;classic&quot;,&quot;background_motion_fx_motion_fx_scrolling&quot;:&quot;yes&quot;,&quot;background_motion_fx_translateY_effect&quot;:&quot;yes&quot;,&quot;background_motion_fx_translateY_speed&quot;:{&quot;unit&quot;:&quot;px&quot;,&quot;size&quot;:4,&quot;sizes&quot;:[]},&quot;background_motion_fx_translateY_affectedRange&quot;:{&quot;unit&quot;:&quot;%&quot;,&quot;size&quot;:&quot;&quot;,&quot;sizes&quot;:{&quot;start&quot;:0,&quot;end&quot;:100}},&quot;background_motion_fx_devices&quot;:[&quot;desktop&quot;,&quot;tablet&quot;,&quot;mobile&quot;]}\">\n\t\t\t\t\t\t\t<div class=\"elementor-background-overlay\"><\/div>\n\t\t\t\t\t\t\t<div class=\"elementor-container elementor-column-gap-default\">\n\t\t\t\t\t\t\t<div class=\"elementor-row\">\n\t\t\t\t\t<div class=\"elementor-column elementor-col-50 elementor-top-column elementor-element elementor-element-11d71b4\" data-id=\"11d71b4\" data-element_type=\"column\" data-settings=\"{&quot;motion_fx_motion_fx_scrolling&quot;:&quot;yes&quot;,&quot;motion_fx_translateY_effect&quot;:&quot;yes&quot;,&quot;motion_fx_translateY_speed&quot;:{&quot;unit&quot;:&quot;px&quot;,&quot;size&quot;:2,&quot;sizes&quot;:[]},&quot;motion_fx_translateY_affectedRange&quot;:{&quot;unit&quot;:&quot;%&quot;,&quot;size&quot;:&quot;&quot;,&quot;sizes&quot;:{&quot;start&quot;:60,&quot;end&quot;:100}},&quot;motion_fx_devices&quot;:[&quot;desktop&quot;,&quot;tablet&quot;,&quot;mobile&quot;]}\">\n\t\t\t<div class=\"elementor-column-wrap elementor-element-populated\">\n\t\t\t\t\t\t\t<div class=\"elementor-widget-wrap\">\n\t\t\t\t\t\t<div class=\"elementor-element elementor-element-9e753b6 elementor-widget elementor-widget-heading\" data-id=\"9e753b6\" data-element_type=\"widget\" data-widget_type=\"heading.default\">\n\t\t\t\t<div class=\"elementor-widget-container\">\n\t\t\t<h1 class=\"elementor-heading-title elementor-size-default\">Ein einzigartiger Ort,\ngerade rein\nDie Niederlande.<\/h1>\t\t<\/div>\n\t\t\t\t<\/div>\n\t\t\t\t\t\t<\/div>\n\t\t\t\t\t<\/div>\n\t\t<\/div>\n\t\t\t\t<div class=\"elementor-column elementor-col-50 elementor-top-column elementor-element elementor-element-6c15e93\" data-id=\"6c15e93\" data-element_type=\"column\">\n\t\t\t<div class=\"elementor-column-wrap\">\n\t\t\t\t\t\t\t<div class=\"elementor-widget-wrap\">\n\t\t\t\t\t\t\t\t<\/div>\n\t\t\t\t\t<\/div>\n\t\t<\/div>\n\t\t\t\t\t\t\t\t<\/div>\n\t\t\t\t\t<\/div>\n\t\t<\/section>\n\t\t\t\t<section class=\"elementor-section elementor-top-section elementor-element elementor-element-66952da elementor-section-boxed elementor-section-height-default elementor-section-height-default\" data-id=\"66952da\" data-element_type=\"section\" data-settings=\"{&quot;background_background&quot;:&quot;classic&quot;}\">\n\t\t\t\t\t\t<div class=\"elementor-container elementor-column-gap-default\">\n\t\t\t\t\t\t\t<div class=\"elementor-row\">\n\t\t\t\t\t<div class=\"elementor-column elementor-col-66 elementor-top-column elementor-element elementor-element-3ea05d0\" data-id=\"3ea05d0\" data-element_type=\"column\">\n\t\t\t<div class=\"elementor-column-wrap elementor-element-populated\">\n\t\t\t\t\t\t\t<div class=\"elementor-widget-wrap\">\n\t\t\t\t\t\t<div class=\"elementor-element elementor-element-73ad8a5 elementor-widget elementor-widget-heading\" data-id=\"73ad8a5\" data-element_type=\"widget\" data-widget_type=\"heading.default\">\n\t\t\t\t<div class=\"elementor-widget-container\">\n\t\t\t<h2 class=\"elementor-heading-title elementor-size-default\">Idyllische lage<\/h2>\t\t<\/div>\n\t\t\t\t<\/div>\n\t\t\t\t<div class=\"elementor-element elementor-element-f62d8d7 elementor-widget elementor-widget-text-editor\" data-id=\"f62d8d7\" data-element_type=\"widget\" data-widget_type=\"text-editor.default\">\n\t\t\t\t<div class=\"elementor-widget-container\">\n\t\t\t\t\t<div class=\"elementor-text-editor elementor-clearfix\"><p>Bei Ihrer Ankunft werden Sie von der Atmosph\u00e4re des Hauses \u00fcberrascht sein. Das Haus verf\u00fcgt \u00fcber drei Schlafzimmer und ist f\u00fcr sechs Personen geeignet. Zwei gem\u00fctliche Schlafzimmer im Obergeschoss und eines im Erdgeschoss. Neben einem kompakten Badezimmer verf\u00fcgt jedes Schlafzimmer \u00fcber eine eigene Waschgelegenheit und zwei Einzelbetten, die je nach Wunsch zusammen oder getrennt aufgestellt werden k\u00f6nnen.<\/p><p>Die K\u00fcche mit Terrassent\u00fcren zur angrenzenden Terrasse \u00fcber dem Wasser l\u00e4dt Sie ein, gutes Essen zusammen mit einer sch\u00f6nen Aussicht zu genie\u00dfen. Die voll ausgestattete K\u00fcche mit Geschirrsp\u00fcler, kombinierter Mikrowelle, K\u00fchlschrank, Wasserkocher und Kaffeemaschine rundet das Bild ab.<\/p><p>Mit etwas Gl\u00fcck k\u00f6nnen Sie hier den Eisvogel sehen oder in der Abendd\u00e4mmerung Rehe schwimmen sehen.<\/p><\/div>\n\t\t\t\t<\/div>\n\t\t\t\t<\/div>\n\t\t\t\t<div class=\"elementor-element elementor-element-0f7a691 elementor-align-left elementor-widget elementor-widget-button\" data-id=\"0f7a691\" data-element_type=\"widget\" data-widget_type=\"button.default\">\n\t\t\t\t<div class=\"elementor-widget-container\">\n\t\t\t\t\t<div class=\"elementor-button-wrapper\">\n\t\t\t<a href=\"https:\/\/het-stekje.nl\/de\/boeken\/\" class=\"elementor-button-link elementor-button elementor-size-sm\" role=\"button\">\n\t\t\t\t\t\t<span class=\"elementor-button-content-wrapper\">\n\t\t\t\t\t\t<span class=\"elementor-button-text\">Verf\u00fcgbarkeit pr\u00fcfen<\/span>\n\t\t<\/span>\n\t\t\t\t\t<\/a>\n\t\t<\/div>\n\t\t\t\t<\/div>\n\t\t\t\t<\/div>\n\t\t\t\t\t\t<\/div>\n\t\t\t\t\t<\/div>\n\t\t<\/div>\n\t\t\t\t<div class=\"elementor-column elementor-col-33 elementor-top-column elementor-element elementor-element-409a68c\" data-id=\"409a68c\" data-element_type=\"column\">\n\t\t\t<div class=\"elementor-column-wrap\">\n\t\t\t\t\t\t\t<div class=\"elementor-widget-wrap\">\n\t\t\t\t\t\t\t\t<\/div>\n\t\t\t\t\t<\/div>\n\t\t<\/div>\n\t\t\t\t\t\t\t\t<\/div>\n\t\t\t\t\t<\/div>\n\t\t<\/section>\n\t\t\t\t<section class=\"elementor-section elementor-top-section elementor-element elementor-element-0d713e8 elementor-section-boxed elementor-section-height-default elementor-section-height-default\" data-id=\"0d713e8\" data-element_type=\"section\">\n\t\t\t\t\t\t<div class=\"elementor-container elementor-column-gap-default\">\n\t\t\t\t\t\t\t<div class=\"elementor-row\">\n\t\t\t\t\t<div class=\"elementor-column elementor-col-100 elementor-top-column elementor-element elementor-element-c244ab1\" data-id=\"c244ab1\" data-element_type=\"column\">\n\t\t\t<div class=\"elementor-column-wrap elementor-element-populated\">\n\t\t\t\t\t\t\t<div class=\"elementor-widget-wrap\">\n\t\t\t\t\t\t<div class=\"elementor-element elementor-element-ec1a684 elementor-widget elementor-widget-gallery\" data-id=\"ec1a684\" data-element_type=\"widget\" data-settings=\"{&quot;gallery_layout&quot;:&quot;justified&quot;,&quot;ideal_row_height&quot;:{&quot;unit&quot;:&quot;px&quot;,&quot;size&quot;:400,&quot;sizes&quot;:[]},&quot;ideal_row_height_tablet&quot;:{&quot;unit&quot;:&quot;px&quot;,&quot;size&quot;:195,&quot;sizes&quot;:[]},&quot;gap&quot;:{&quot;unit&quot;:&quot;px&quot;,&quot;size&quot;:15,&quot;sizes&quot;:[]},&quot;image_hover_animation&quot;:&quot;grow&quot;,&quot;lazyload&quot;:&quot;yes&quot;,&quot;ideal_row_height_mobile&quot;:{&quot;unit&quot;:&quot;px&quot;,&quot;size&quot;:150,&quot;sizes&quot;:[]},&quot;gap_tablet&quot;:{&quot;unit&quot;:&quot;px&quot;,&quot;size&quot;:10,&quot;sizes&quot;:[]},&quot;gap_mobile&quot;:{&quot;unit&quot;:&quot;px&quot;,&quot;size&quot;:10,&quot;sizes&quot;:[]},&quot;link_to&quot;:&quot;file&quot;,&quot;content_hover_animation&quot;:&quot;fade-in&quot;}\" data-widget_type=\"gallery.default\">\n\t\t\t\t<div class=\"elementor-widget-container\">\n\t\t\t\t\t<div class=\"elementor-gallery__container\">\n\t\t\t\t\t\t\t<a class=\"e-gallery-item elementor-gallery-item elementor-animated-content\" href=\"https:\/\/het-stekje.nl\/wp-content\/uploads\/2021\/08\/kalenberg-11-scaled.jpg\" data-elementor-open-lightbox=\"yes\" data-elementor-lightbox-slideshow=\"all-ec1a684\" data-elementor-lightbox-title=\"kalenberg-11\">\n\t\t\t\t\t<div class=\"e-gallery-image elementor-gallery-item__image\" data-thumbnail=\"https:\/\/het-stekje.nl\/wp-content\/uploads\/2021\/08\/kalenberg-11-scaled.jpg\" data-width=\"2560\" data-height=\"1705\" alt=\"\" ><\/div>\n\t\t\t\t\t\t\t\t\t\t\t\t\t\t<\/a>\n\t\t\t\t\t\t\t<a class=\"e-gallery-item elementor-gallery-item elementor-animated-content\" href=\"https:\/\/het-stekje.nl\/wp-content\/uploads\/2021\/08\/kalenberg-2-scaled.jpg\" data-elementor-open-lightbox=\"yes\" data-elementor-lightbox-slideshow=\"all-ec1a684\" data-elementor-lightbox-title=\"kalenberg-2\">\n\t\t\t\t\t<div class=\"e-gallery-image elementor-gallery-item__image\" data-thumbnail=\"https:\/\/het-stekje.nl\/wp-content\/uploads\/2021\/08\/kalenberg-2-scaled.jpg\" data-width=\"2560\" data-height=\"1705\" alt=\"\" ><\/div>\n\t\t\t\t\t\t\t\t\t\t\t\t\t\t<\/a>\n\t\t\t\t\t\t\t<a class=\"e-gallery-item elementor-gallery-item elementor-animated-content\" href=\"https:\/\/het-stekje.nl\/wp-content\/uploads\/2021\/08\/kalenberg-5-scaled.jpg\" data-elementor-open-lightbox=\"yes\" data-elementor-lightbox-slideshow=\"all-ec1a684\" data-elementor-lightbox-title=\"kalenberg-5\">\n\t\t\t\t\t<div class=\"e-gallery-image elementor-gallery-item__image\" data-thumbnail=\"https:\/\/het-stekje.nl\/wp-content\/uploads\/2021\/08\/kalenberg-5-scaled.jpg\" data-width=\"2560\" data-height=\"1705\" alt=\"\" ><\/div>\n\t\t\t\t\t\t\t\t\t\t\t\t\t\t<\/a>\n\t\t\t\t\t\t\t<a class=\"e-gallery-item elementor-gallery-item elementor-animated-content\" href=\"https:\/\/het-stekje.nl\/wp-content\/uploads\/2021\/08\/kalenberg-12-scaled.jpg\" data-elementor-open-lightbox=\"yes\" data-elementor-lightbox-slideshow=\"all-ec1a684\" data-elementor-lightbox-title=\"kalenberg-12\">\n\t\t\t\t\t<div class=\"e-gallery-image elementor-gallery-item__image\" data-thumbnail=\"https:\/\/het-stekje.nl\/wp-content\/uploads\/2021\/08\/kalenberg-12-scaled.jpg\" data-width=\"2560\" data-height=\"1705\" alt=\"\" ><\/div>\n\t\t\t\t\t\t\t\t\t\t\t\t\t\t<\/a>\n\t\t\t\t\t\t\t<a class=\"e-gallery-item elementor-gallery-item elementor-animated-content\" href=\"https:\/\/het-stekje.nl\/wp-content\/uploads\/2021\/08\/kalenberg-14-scaled.jpg\" data-elementor-open-lightbox=\"yes\" data-elementor-lightbox-slideshow=\"all-ec1a684\" data-elementor-lightbox-title=\"kalenberg-14\" data-elementor-lightbox-description=\"Terras\">\n\t\t\t\t\t<div class=\"e-gallery-image elementor-gallery-item__image\" data-thumbnail=\"https:\/\/het-stekje.nl\/wp-content\/uploads\/2021\/08\/kalenberg-14-scaled.jpg\" data-width=\"2560\" data-height=\"1705\" alt=\"\" ><\/div>\n\t\t\t\t\t\t\t\t\t\t\t\t\t\t<\/a>\n\t\t\t\t\t\t\t<a class=\"e-gallery-item elementor-gallery-item elementor-animated-content\" href=\"https:\/\/het-stekje.nl\/wp-content\/uploads\/2021\/08\/kalenberg-16-scaled.jpg\" data-elementor-open-lightbox=\"yes\" data-elementor-lightbox-slideshow=\"all-ec1a684\" data-elementor-lightbox-title=\"kalenberg-16\">\n\t\t\t\t\t<div class=\"e-gallery-image elementor-gallery-item__image\" data-thumbnail=\"https:\/\/het-stekje.nl\/wp-content\/uploads\/2021\/08\/kalenberg-16-scaled.jpg\" data-width=\"2560\" data-height=\"1705\" alt=\"\" ><\/div>\n\t\t\t\t\t\t\t\t\t\t\t\t\t\t<\/a>\n\t\t\t\t\t\t\t<a class=\"e-gallery-item elementor-gallery-item elementor-animated-content\" href=\"https:\/\/het-stekje.nl\/wp-content\/uploads\/2021\/03\/kalenberg-1.jpg\" data-elementor-open-lightbox=\"yes\" data-elementor-lightbox-slideshow=\"all-ec1a684\" data-elementor-lightbox-title=\"kalenberg-1\" data-elementor-lightbox-description=\"Woonkamer\">\n\t\t\t\t\t<div class=\"e-gallery-image elementor-gallery-item__image\" data-thumbnail=\"https:\/\/het-stekje.nl\/wp-content\/uploads\/2021\/03\/kalenberg-1.jpg\" data-width=\"1920\" data-height=\"1281\" alt=\"\" ><\/div>\n\t\t\t\t\t\t\t\t\t\t\t\t\t\t<\/a>\n\t\t\t\t\t\t\t<a class=\"e-gallery-item elementor-gallery-item elementor-animated-content\" href=\"https:\/\/het-stekje.nl\/wp-content\/uploads\/2021\/03\/kalenberg-3.jpg\" data-elementor-open-lightbox=\"yes\" data-elementor-lightbox-slideshow=\"all-ec1a684\" data-elementor-lightbox-title=\"kalenberg-3\" data-elementor-lightbox-description=\"Woonkamer\">\n\t\t\t\t\t<div class=\"e-gallery-image elementor-gallery-item__image\" data-thumbnail=\"https:\/\/het-stekje.nl\/wp-content\/uploads\/2021\/03\/kalenberg-3.jpg\" data-width=\"1920\" data-height=\"1281\" alt=\"\" ><\/div>\n\t\t\t\t\t\t\t\t\t\t\t\t\t\t<\/a>\n\t\t\t\t\t\t\t<a class=\"e-gallery-item elementor-gallery-item elementor-animated-content\" href=\"https:\/\/het-stekje.nl\/wp-content\/uploads\/2021\/03\/kalenberg-6.jpg\" data-elementor-open-lightbox=\"yes\" data-elementor-lightbox-slideshow=\"all-ec1a684\" data-elementor-lightbox-title=\"kalenberg-6\" data-elementor-lightbox-description=\"Woonkamer\">\n\t\t\t\t\t<div class=\"e-gallery-image elementor-gallery-item__image\" data-thumbnail=\"https:\/\/het-stekje.nl\/wp-content\/uploads\/2021\/03\/kalenberg-6.jpg\" data-width=\"1920\" data-height=\"1281\" alt=\"\" ><\/div>\n\t\t\t\t\t\t\t\t\t\t\t\t\t\t<\/a>\n\t\t\t\t\t\t\t<a class=\"e-gallery-item elementor-gallery-item elementor-animated-content\" href=\"https:\/\/het-stekje.nl\/wp-content\/uploads\/2021\/03\/kalenberg-14.jpg\" data-elementor-open-lightbox=\"yes\" data-elementor-lightbox-slideshow=\"all-ec1a684\" data-elementor-lightbox-title=\"kalenberg-14\" data-elementor-lightbox-description=\"Keuken\">\n\t\t\t\t\t<div class=\"e-gallery-image elementor-gallery-item__image\" data-thumbnail=\"https:\/\/het-stekje.nl\/wp-content\/uploads\/2021\/03\/kalenberg-14.jpg\" data-width=\"1282\" data-height=\"1920\" alt=\"\" ><\/div>\n\t\t\t\t\t\t\t\t\t\t\t\t\t\t<\/a>\n\t\t\t\t\t\t\t<a class=\"e-gallery-item elementor-gallery-item elementor-animated-content\" href=\"https:\/\/het-stekje.nl\/wp-content\/uploads\/2021\/03\/kalenberg-16.jpg\" data-elementor-open-lightbox=\"yes\" data-elementor-lightbox-slideshow=\"all-ec1a684\" data-elementor-lightbox-title=\"kalenberg-16\" data-elementor-lightbox-description=\"Keuken\">\n\t\t\t\t\t<div class=\"e-gallery-image elementor-gallery-item__image\" data-thumbnail=\"https:\/\/het-stekje.nl\/wp-content\/uploads\/2021\/03\/kalenberg-16.jpg\" data-width=\"1920\" data-height=\"1282\" alt=\"\" ><\/div>\n\t\t\t\t\t\t\t\t\t\t\t\t\t\t<\/a>\n\t\t\t\t\t\t\t<a class=\"e-gallery-item elementor-gallery-item elementor-animated-content\" href=\"https:\/\/het-stekje.nl\/wp-content\/uploads\/2021\/03\/kalenberg-17.jpg\" data-elementor-open-lightbox=\"yes\" data-elementor-lightbox-slideshow=\"all-ec1a684\" data-elementor-lightbox-title=\"kalenberg-17\" data-elementor-lightbox-description=\"Keuken\">\n\t\t\t\t\t<div class=\"e-gallery-image elementor-gallery-item__image\" data-thumbnail=\"https:\/\/het-stekje.nl\/wp-content\/uploads\/2021\/03\/kalenberg-17.jpg\" data-width=\"1920\" data-height=\"1282\" alt=\"\" ><\/div>\n\t\t\t\t\t\t\t\t\t\t\t\t\t\t<\/a>\n\t\t\t\t\t\t\t<a class=\"e-gallery-item elementor-gallery-item elementor-animated-content\" href=\"https:\/\/het-stekje.nl\/wp-content\/uploads\/2021\/08\/kalenberg-13-scaled.jpg\" data-elementor-open-lightbox=\"yes\" data-elementor-lightbox-slideshow=\"all-ec1a684\" data-elementor-lightbox-title=\"kalenberg-13\" data-elementor-lightbox-description=\"Ontbijt met prachtig uitzicht\">\n\t\t\t\t\t<div class=\"e-gallery-image elementor-gallery-item__image\" data-thumbnail=\"https:\/\/het-stekje.nl\/wp-content\/uploads\/2021\/08\/kalenberg-13-scaled.jpg\" data-width=\"2560\" data-height=\"1705\" alt=\"\" ><\/div>\n\t\t\t\t\t\t\t\t\t\t\t\t\t\t<\/a>\n\t\t\t\t\t\t\t<a class=\"e-gallery-item elementor-gallery-item elementor-animated-content\" href=\"https:\/\/het-stekje.nl\/wp-content\/uploads\/2021\/03\/kalenberg-20.jpg\" data-elementor-open-lightbox=\"yes\" data-elementor-lightbox-slideshow=\"all-ec1a684\" data-elementor-lightbox-title=\"kalenberg-20\" data-elementor-lightbox-description=\"Slaapkamer boven\">\n\t\t\t\t\t<div class=\"e-gallery-image elementor-gallery-item__image\" data-thumbnail=\"https:\/\/het-stekje.nl\/wp-content\/uploads\/2021\/03\/kalenberg-20.jpg\" data-width=\"1282\" data-height=\"1920\" alt=\"Slaapkamer boven\" ><\/div>\n\t\t\t\t\t\t\t\t\t\t\t\t\t\t<\/a>\n\t\t\t\t\t\t\t<a class=\"e-gallery-item elementor-gallery-item elementor-animated-content\" href=\"https:\/\/het-stekje.nl\/wp-content\/uploads\/2021\/03\/kalenberg-19.jpg\" data-elementor-open-lightbox=\"yes\" data-elementor-lightbox-slideshow=\"all-ec1a684\" data-elementor-lightbox-title=\"kalenberg-19\" data-elementor-lightbox-description=\"Slaapkamer boven\">\n\t\t\t\t\t<div class=\"e-gallery-image elementor-gallery-item__image\" data-thumbnail=\"https:\/\/het-stekje.nl\/wp-content\/uploads\/2021\/03\/kalenberg-19.jpg\" data-width=\"1282\" data-height=\"1920\" alt=\"Slaapkamer boven\" ><\/div>\n\t\t\t\t\t\t\t\t\t\t\t\t\t\t<\/a>\n\t\t\t\t\t\t\t<a class=\"e-gallery-item elementor-gallery-item elementor-animated-content\" href=\"https:\/\/het-stekje.nl\/wp-content\/uploads\/2021\/03\/kalenberg-21.jpg\" data-elementor-open-lightbox=\"yes\" data-elementor-lightbox-slideshow=\"all-ec1a684\" data-elementor-lightbox-title=\"kalenberg-21\" data-elementor-lightbox-description=\"Slaapkamer boven\">\n\t\t\t\t\t<div class=\"e-gallery-image elementor-gallery-item__image\" data-thumbnail=\"https:\/\/het-stekje.nl\/wp-content\/uploads\/2021\/03\/kalenberg-21.jpg\" data-width=\"1281\" data-height=\"1920\" alt=\"Slaapkamer boven\" ><\/div>\n\t\t\t\t\t\t\t\t\t\t\t\t\t\t<\/a>\n\t\t\t\t\t\t\t<a class=\"e-gallery-item elementor-gallery-item elementor-animated-content\" href=\"https:\/\/het-stekje.nl\/wp-content\/uploads\/2021\/03\/kalenberg-12.jpg\" data-elementor-open-lightbox=\"yes\" data-elementor-lightbox-slideshow=\"all-ec1a684\" data-elementor-lightbox-title=\"kalenberg-12\" data-elementor-lightbox-description=\"Badkamer\">\n\t\t\t\t\t<div class=\"e-gallery-image elementor-gallery-item__image\" data-thumbnail=\"https:\/\/het-stekje.nl\/wp-content\/uploads\/2021\/03\/kalenberg-12.jpg\" data-width=\"1281\" data-height=\"1920\" alt=\"\" ><\/div>\n\t\t\t\t\t\t\t\t\t\t\t\t\t\t<\/a>\n\t\t\t\t\t\t\t<a class=\"e-gallery-item elementor-gallery-item elementor-animated-content\" href=\"https:\/\/het-stekje.nl\/wp-content\/uploads\/2021\/08\/kalenberg-20-scaled.jpg\" data-elementor-open-lightbox=\"yes\" data-elementor-lightbox-slideshow=\"all-ec1a684\" data-elementor-lightbox-title=\"kalenberg-20\" data-elementor-lightbox-description=\"Badkamer\">\n\t\t\t\t\t<div class=\"e-gallery-image elementor-gallery-item__image\" data-thumbnail=\"https:\/\/het-stekje.nl\/wp-content\/uploads\/2021\/08\/kalenberg-20-scaled.jpg\" data-width=\"2560\" data-height=\"1705\" alt=\"\" ><\/div>\n\t\t\t\t\t\t\t\t\t\t\t\t\t\t<\/a>\n\t\t\t\t\t\t\t<a class=\"e-gallery-item elementor-gallery-item elementor-animated-content\" href=\"https:\/\/het-stekje.nl\/wp-content\/uploads\/2021\/03\/kalenberg-9.jpg\" data-elementor-open-lightbox=\"yes\" data-elementor-lightbox-slideshow=\"all-ec1a684\" data-elementor-lightbox-title=\"kalenberg-9\" data-elementor-lightbox-description=\"Slaapkamer beneden\">\n\t\t\t\t\t<div class=\"e-gallery-image elementor-gallery-item__image\" data-thumbnail=\"https:\/\/het-stekje.nl\/wp-content\/uploads\/2021\/03\/kalenberg-9.jpg\" data-width=\"1920\" data-height=\"1284\" alt=\"Slaapkamer beneden\" ><\/div>\n\t\t\t\t\t\t\t\t\t\t\t\t\t\t<\/a>\n\t\t\t\t\t\t\t<a class=\"e-gallery-item elementor-gallery-item elementor-animated-content\" href=\"https:\/\/het-stekje.nl\/wp-content\/uploads\/2021\/03\/kalenberg-11.jpg\" data-elementor-open-lightbox=\"yes\" data-elementor-lightbox-slideshow=\"all-ec1a684\" data-elementor-lightbox-title=\"kalenberg-11\" data-elementor-lightbox-description=\"Hal\">\n\t\t\t\t\t<div class=\"e-gallery-image elementor-gallery-item__image\" data-thumbnail=\"https:\/\/het-stekje.nl\/wp-content\/uploads\/2021\/03\/kalenberg-11.jpg\" data-width=\"1920\" data-height=\"1281\" alt=\"\" ><\/div>\n\t\t\t\t\t\t\t\t\t\t\t\t\t\t<\/a>\n\t\t\t\t\t<\/div>\n\t\t\t<\/div>\n\t\t\t\t<\/div>\n\t\t\t\t\t\t<\/div>\n\t\t\t\t\t<\/div>\n\t\t<\/div>\n\t\t\t\t\t\t\t\t<\/div>\n\t\t\t\t\t<\/div>\n\t\t<\/section>\n\t\t\t\t<section class=\"elementor-section elementor-top-section elementor-element elementor-element-3732ab9 elementor-section-boxed elementor-section-height-default elementor-section-height-default\" data-id=\"3732ab9\" data-element_type=\"section\">\n\t\t\t\t\t\t<div class=\"elementor-container elementor-column-gap-default\">\n\t\t\t\t\t\t\t<div class=\"elementor-row\">\n\t\t\t\t\t<div class=\"elementor-column elementor-col-100 elementor-top-column elementor-element elementor-element-4e6d9db\" data-id=\"4e6d9db\" data-element_type=\"column\">\n\t\t\t<div class=\"elementor-column-wrap elementor-element-populated\">\n\t\t\t\t\t\t\t<div class=\"elementor-widget-wrap\">\n\t\t\t\t\t\t<div class=\"elementor-element elementor-element-524b5c8 elementor-widget elementor-widget-heading\" data-id=\"524b5c8\" data-element_type=\"widget\" data-widget_type=\"heading.default\">\n\t\t\t\t<div class=\"elementor-widget-container\">\n\t\t\t<h2 class=\"elementor-heading-title elementor-size-default\">Anlagen<\/h2>\t\t<\/div>\n\t\t\t\t<\/div>\n\t\t\t\t\t\t<\/div>\n\t\t\t\t\t<\/div>\n\t\t<\/div>\n\t\t\t\t\t\t\t\t<\/div>\n\t\t\t\t\t<\/div>\n\t\t<\/section>\n\t\t\t\t<section class=\"elementor-section elementor-top-section elementor-element elementor-element-cb74bbc elementor-section-boxed elementor-section-height-default elementor-section-height-default\" data-id=\"cb74bbc\" data-element_type=\"section\">\n\t\t\t\t\t\t<div class=\"elementor-container elementor-column-gap-default\">\n\t\t\t\t\t\t\t<div class=\"elementor-row\">\n\t\t\t\t\t<div class=\"elementor-column elementor-col-50 elementor-top-column elementor-element elementor-element-3076efb\" data-id=\"3076efb\" data-element_type=\"column\">\n\t\t\t<div class=\"elementor-column-wrap elementor-element-populated\">\n\t\t\t\t\t\t\t<div class=\"elementor-widget-wrap\">\n\t\t\t\t\t\t<div class=\"elementor-element elementor-element-9dc03ac elementor-widget elementor-widget-text-editor\" data-id=\"9dc03ac\" data-element_type=\"widget\" data-widget_type=\"text-editor.default\">\n\t\t\t\t<div class=\"elementor-widget-container\">\n\t\t\t\t\t<div class=\"elementor-text-editor elementor-clearfix\"><p>Ferienhaus 't Stekje ist der ideale Ort f\u00fcr einen erfolgreichen Urlaub zu jeder Jahreszeit. Unterwegs mit dem Fahrrad oder Kanu und Paddeln, direkt von zu Hause aus. F\u00fcr die Kinder steht ein Spielboot zur Verf\u00fcgung. An k\u00e4lteren Tagen k\u00f6nnen Sie die Aussicht, ein Spiel am Esstisch oder ein dickes Buch am Gaskamin genie\u00dfen. 't Stekje ist voll ausgestattet und wird sich wie Ihr eigener Platz f\u00fchlen!<\/p><p><b>Passt auf: <br \/><\/b>'t Stekje ist nicht f\u00fcr Menschen mit Gehschwierigkeiten geeignet. Die Terrassenterrasse des Hauses ist nicht eingez\u00e4unt. Wir empfehlen Kindern, die nicht schwimmen k\u00f6nnen, eine Schwimmweste zu tragen. Das Haus ist Haustier und Nichtraucher.<\/p><\/div>\n\t\t\t\t<\/div>\n\t\t\t\t<\/div>\n\t\t\t\t\t\t<\/div>\n\t\t\t\t\t<\/div>\n\t\t<\/div>\n\t\t\t\t<div class=\"elementor-column elementor-col-50 elementor-top-column elementor-element elementor-element-2105a31\" data-id=\"2105a31\" data-element_type=\"column\" data-settings=\"{&quot;motion_fx_motion_fx_scrolling&quot;:&quot;yes&quot;,&quot;motion_fx_translateY_effect&quot;:&quot;yes&quot;,&quot;motion_fx_translateY_speed&quot;:{&quot;unit&quot;:&quot;px&quot;,&quot;size&quot;:1,&quot;sizes&quot;:[]},&quot;motion_fx_translateY_affectedRange&quot;:{&quot;unit&quot;:&quot;%&quot;,&quot;size&quot;:&quot;&quot;,&quot;sizes&quot;:{&quot;start&quot;:20,&quot;end&quot;:100}},&quot;motion_fx_devices&quot;:[&quot;desktop&quot;]}\">\n\t\t\t<div class=\"elementor-column-wrap elementor-element-populated\">\n\t\t\t\t\t\t\t<div class=\"elementor-widget-wrap\">\n\t\t\t\t\t\t<div class=\"elementor-element elementor-element-4ec22fe elementor-widget elementor-widget-heading\" data-id=\"4ec22fe\" data-element_type=\"widget\" data-widget_type=\"heading.default\">\n\t\t\t\t<div class=\"elementor-widget-container\">\n\t\t\t<h4 class=\"elementor-heading-title elementor-size-default\">Vom Schlafzimmer aus Blick auf den klaren Sternenhimmel<\/h4>\t\t<\/div>\n\t\t\t\t<\/div>\n\t\t\t\t\t\t<\/div>\n\t\t\t\t\t<\/div>\n\t\t<\/div>\n\t\t\t\t\t\t\t\t<\/div>\n\t\t\t\t\t<\/div>\n\t\t<\/section>\n\t\t\t\t\t\t<\/div>\n\t\t\t\t\t\t<\/div>\n\t\t\t\t\t<\/div>","protected":false},"excerpt":{"rendered":"<p>Een unieke plek, gewoon in Nederland. Idyllische ligging Bij aankomst zult u verrast worden door de sfeer van het huis. Het huis is met drie slaapkamers geschikt voor zes personen. Twee gezellige slaapkamers boven en \u00e9\u00e9n beneden. Naast een compacte badkamer beschikt iedere slaapkamer over een eigen wasgelegenheid en twee eenpersoonsbedden die naar wens aan [&hellip;]<\/p>","protected":false},"author":2,"featured_media":0,"parent":0,"menu_order":0,"comment_status":"closed","ping_status":"closed","template":"elementor_header_footer","meta":[],"_links":{"self":[{"href":"https:\/\/het-stekje.nl\/de\/wp-json\/wp\/v2\/pages\/1080"}],"collection":[{"href":"https:\/\/het-stekje.nl\/de\/wp-json\/wp\/v2\/pages"}],"about":[{"href":"https:\/\/het-stekje.nl\/de\/wp-json\/wp\/v2\/types\/page"}],"author":[{"embeddable":true,"href":"https:\/\/het-stekje.nl\/de\/wp-json\/wp\/v2\/users\/2"}],"replies":[{"embeddable":true,"href":"https:\/\/het-stekje.nl\/de\/wp-json\/wp\/v2\/comments?post=1080"}],"version-history":[{"count":135,"href":"https:\/\/het-stekje.nl\/de\/wp-json\/wp\/v2\/pages\/1080\/revisions"}],"predecessor-version":[{"id":2058,"href":"https:\/\/het-stekje.nl\/de\/wp-json\/wp\/v2\/pages\/1080\/revisions\/2058"}],"wp:attachment":[{"href":"https:\/\/het-stekje.nl\/de\/wp-json\/wp\/v2\/media?parent=1080"}],"curies":[{"name":"wp","href":"https:\/\/api.w.org\/{rel}","templated":true}]}}