{"id":1082,"date":"2021-02-02T23:16:15","date_gmt":"2021-02-02T23:16:15","guid":{"rendered":"http:\/\/www.het-stekje.nl\/?page_id=1082"},"modified":"2021-08-15T19:12:01","modified_gmt":"2021-08-15T19:12:01","slug":"galerij","status":"publish","type":"page","link":"https:\/\/het-stekje.nl\/de\/galerij\/","title":{"rendered":"Umgebung"},"content":{"rendered":"<div data-elementor-type=\"wp-page\" data-elementor-id=\"1082\" class=\"elementor elementor-1082\" data-elementor-settings=\"[]\">\n\t\t\t\t\t\t<div class=\"elementor-inner\">\n\t\t\t\t\t\t\t<div class=\"elementor-section-wrap\">\n\t\t\t\t\t\t\t<section class=\"elementor-section elementor-top-section elementor-element elementor-element-55db3df elementor-section-height-min-height elementor-section-boxed elementor-section-height-default elementor-section-items-middle\" data-id=\"55db3df\" data-element_type=\"section\" data-settings=\"{&quot;background_background&quot;:&quot;classic&quot;,&quot;background_motion_fx_motion_fx_scrolling&quot;:&quot;yes&quot;,&quot;background_motion_fx_translateY_effect&quot;:&quot;yes&quot;,&quot;background_motion_fx_translateY_speed&quot;:{&quot;unit&quot;:&quot;px&quot;,&quot;size&quot;:4,&quot;sizes&quot;:[]},&quot;background_motion_fx_translateY_affectedRange&quot;:{&quot;unit&quot;:&quot;%&quot;,&quot;size&quot;:&quot;&quot;,&quot;sizes&quot;:{&quot;start&quot;:0,&quot;end&quot;:100}},&quot;background_motion_fx_devices&quot;:[&quot;desktop&quot;,&quot;tablet&quot;,&quot;mobile&quot;]}\">\n\t\t\t\t\t\t\t<div class=\"elementor-background-overlay\"><\/div>\n\t\t\t\t\t\t\t<div class=\"elementor-container elementor-column-gap-default\">\n\t\t\t\t\t\t\t<div class=\"elementor-row\">\n\t\t\t\t\t<div class=\"elementor-column elementor-col-50 elementor-top-column elementor-element elementor-element-5e8e0b6\" data-id=\"5e8e0b6\" data-element_type=\"column\" data-settings=\"{&quot;motion_fx_motion_fx_scrolling&quot;:&quot;yes&quot;,&quot;motion_fx_translateY_effect&quot;:&quot;yes&quot;,&quot;motion_fx_translateY_speed&quot;:{&quot;unit&quot;:&quot;px&quot;,&quot;size&quot;:2,&quot;sizes&quot;:[]},&quot;motion_fx_translateY_affectedRange&quot;:{&quot;unit&quot;:&quot;%&quot;,&quot;size&quot;:&quot;&quot;,&quot;sizes&quot;:{&quot;start&quot;:60,&quot;end&quot;:100}},&quot;motion_fx_devices&quot;:[&quot;desktop&quot;,&quot;tablet&quot;,&quot;mobile&quot;]}\">\n\t\t\t<div class=\"elementor-column-wrap elementor-element-populated\">\n\t\t\t\t\t\t\t<div class=\"elementor-widget-wrap\">\n\t\t\t\t\t\t<div class=\"elementor-element elementor-element-d5ae3bb elementor-widget elementor-widget-heading\" data-id=\"d5ae3bb\" data-element_type=\"widget\" data-widget_type=\"heading.default\">\n\t\t\t\t<div class=\"elementor-widget-container\">\n\t\t\t<h1 class=\"elementor-heading-title elementor-size-default\">Schilfbeete so weit<br>das auge reicht.<\/h1>\t\t<\/div>\n\t\t\t\t<\/div>\n\t\t\t\t\t\t<\/div>\n\t\t\t\t\t<\/div>\n\t\t<\/div>\n\t\t\t\t<div class=\"elementor-column elementor-col-50 elementor-top-column elementor-element elementor-element-b52e2a7\" data-id=\"b52e2a7\" data-element_type=\"column\">\n\t\t\t<div class=\"elementor-column-wrap\">\n\t\t\t\t\t\t\t<div class=\"elementor-widget-wrap\">\n\t\t\t\t\t\t\t\t<\/div>\n\t\t\t\t\t<\/div>\n\t\t<\/div>\n\t\t\t\t\t\t\t\t<\/div>\n\t\t\t\t\t<\/div>\n\t\t<\/section>\n\t\t\t\t<section class=\"elementor-section elementor-top-section elementor-element elementor-element-0c0809e elementor-section-boxed elementor-section-height-default elementor-section-height-default\" data-id=\"0c0809e\" data-element_type=\"section\" data-settings=\"{&quot;background_background&quot;:&quot;classic&quot;}\">\n\t\t\t\t\t\t<div class=\"elementor-container elementor-column-gap-default\">\n\t\t\t\t\t\t\t<div class=\"elementor-row\">\n\t\t\t\t\t<div class=\"elementor-column elementor-col-66 elementor-top-column elementor-element elementor-element-810a098\" data-id=\"810a098\" data-element_type=\"column\">\n\t\t\t<div class=\"elementor-column-wrap elementor-element-populated\">\n\t\t\t\t\t\t\t<div class=\"elementor-widget-wrap\">\n\t\t\t\t\t\t<div class=\"elementor-element elementor-element-ef520ac elementor-widget elementor-widget-heading\" data-id=\"ef520ac\" data-element_type=\"widget\" data-widget_type=\"heading.default\">\n\t\t\t\t<div class=\"elementor-widget-container\">\n\t\t\t<h2 class=\"elementor-heading-title elementor-size-default\">Ein Bild sagt mehr als 1000 W\u00f6rter<\/h2>\t\t<\/div>\n\t\t\t\t<\/div>\n\t\t\t\t<div class=\"elementor-element elementor-element-da02156 elementor-widget elementor-widget-text-editor\" data-id=\"da02156\" data-element_type=\"widget\" data-widget_type=\"text-editor.default\">\n\t\t\t\t<div class=\"elementor-widget-container\">\n\t\t\t\t\t<div class=\"elementor-text-editor elementor-clearfix\"><p>Das Ferienhaus 't Stekje in Kalenberg liegt mitten im Nationalpark Weerribben-Wieden, dem gr\u00f6\u00dften Tiefmoor-Sumpf Nordwesteuropas. Hier k\u00f6nnen Sie \u00fcber Dutzende von Br\u00fccken auf endlosen Schilffeldern radeln, spazieren gehen und segeln. In der Umgebung finden Sie h\u00fcbsche D\u00f6rfer und Adressen, die Sie genie\u00dfen k\u00f6nnen.<\/p><\/div>\n\t\t\t\t<\/div>\n\t\t\t\t<\/div>\n\t\t\t\t\t\t<\/div>\n\t\t\t\t\t<\/div>\n\t\t<\/div>\n\t\t\t\t<div class=\"elementor-column elementor-col-33 elementor-top-column elementor-element elementor-element-00ca7dd\" data-id=\"00ca7dd\" data-element_type=\"column\">\n\t\t\t<div class=\"elementor-column-wrap\">\n\t\t\t\t\t\t\t<div class=\"elementor-widget-wrap\">\n\t\t\t\t\t\t\t\t<\/div>\n\t\t\t\t\t<\/div>\n\t\t<\/div>\n\t\t\t\t\t\t\t\t<\/div>\n\t\t\t\t\t<\/div>\n\t\t<\/section>\n\t\t\t\t<section class=\"elementor-section elementor-top-section elementor-element elementor-element-14ab248 elementor-section-boxed elementor-section-height-default elementor-section-height-default\" data-id=\"14ab248\" data-element_type=\"section\">\n\t\t\t\t\t\t<div class=\"elementor-container elementor-column-gap-default\">\n\t\t\t\t\t\t\t<div class=\"elementor-row\">\n\t\t\t\t\t<div class=\"elementor-column elementor-col-100 elementor-top-column elementor-element elementor-element-a5edf9c\" data-id=\"a5edf9c\" data-element_type=\"column\">\n\t\t\t<div class=\"elementor-column-wrap elementor-element-populated\">\n\t\t\t\t\t\t\t<div class=\"elementor-widget-wrap\">\n\t\t\t\t\t\t<div class=\"elementor-element elementor-element-da6104d elementor-widget elementor-widget-gallery\" data-id=\"da6104d\" data-element_type=\"widget\" data-settings=\"{&quot;gallery_layout&quot;:&quot;justified&quot;,&quot;ideal_row_height&quot;:{&quot;unit&quot;:&quot;px&quot;,&quot;size&quot;:295,&quot;sizes&quot;:[]},&quot;ideal_row_height_tablet&quot;:{&quot;unit&quot;:&quot;px&quot;,&quot;size&quot;:195,&quot;sizes&quot;:[]},&quot;gap&quot;:{&quot;unit&quot;:&quot;px&quot;,&quot;size&quot;:15,&quot;sizes&quot;:[]},&quot;image_hover_animation&quot;:&quot;grow&quot;,&quot;lazyload&quot;:&quot;yes&quot;,&quot;ideal_row_height_mobile&quot;:{&quot;unit&quot;:&quot;px&quot;,&quot;size&quot;:150,&quot;sizes&quot;:[]},&quot;gap_tablet&quot;:{&quot;unit&quot;:&quot;px&quot;,&quot;size&quot;:10,&quot;sizes&quot;:[]},&quot;gap_mobile&quot;:{&quot;unit&quot;:&quot;px&quot;,&quot;size&quot;:10,&quot;sizes&quot;:[]},&quot;link_to&quot;:&quot;file&quot;,&quot;content_hover_animation&quot;:&quot;fade-in&quot;}\" data-widget_type=\"gallery.default\">\n\t\t\t\t<div class=\"elementor-widget-container\">\n\t\t\t\t\t<div class=\"elementor-gallery__container\">\n\t\t\t\t\t\t\t<a class=\"e-gallery-item elementor-gallery-item elementor-animated-content\" href=\"https:\/\/het-stekje.nl\/wp-content\/uploads\/2021\/02\/stekje-images-galerij-tb-06@2x2.jpg\" data-elementor-open-lightbox=\"yes\" data-elementor-lightbox-slideshow=\"all-da6104d\" data-elementor-lightbox-title=\"stekje-images-galerij-tb-06@2x2\">\n\t\t\t\t\t<div class=\"e-gallery-image elementor-gallery-item__image\" data-thumbnail=\"https:\/\/het-stekje.nl\/wp-content\/uploads\/2021\/02\/stekje-images-galerij-tb-06@2x2.jpg\" data-width=\"752\" data-height=\"506\" alt=\"\" ><\/div>\n\t\t\t\t\t\t\t\t\t\t\t\t\t\t<\/a>\n\t\t\t\t\t\t\t<a class=\"e-gallery-item elementor-gallery-item elementor-animated-content\" href=\"https:\/\/het-stekje.nl\/wp-content\/uploads\/2021\/02\/stekje-images-galerij-tb-0909.jpg\" data-elementor-open-lightbox=\"yes\" data-elementor-lightbox-slideshow=\"all-da6104d\" data-elementor-lightbox-title=\"stekje-images-galerij-tb-0909\">\n\t\t\t\t\t<div class=\"e-gallery-image elementor-gallery-item__image\" data-thumbnail=\"https:\/\/het-stekje.nl\/wp-content\/uploads\/2021\/02\/stekje-images-galerij-tb-0909.jpg\" data-width=\"376\" data-height=\"489\" alt=\"\" ><\/div>\n\t\t\t\t\t\t\t\t\t\t\t\t\t\t<\/a>\n\t\t\t\t\t\t\t<a class=\"e-gallery-item elementor-gallery-item elementor-animated-content\" href=\"https:\/\/het-stekje.nl\/wp-content\/uploads\/2021\/02\/stekje-images-galerij-tb-1616.jpg\" data-elementor-open-lightbox=\"yes\" data-elementor-lightbox-slideshow=\"all-da6104d\" data-elementor-lightbox-title=\"stekje-images-galerij-tb-1616\">\n\t\t\t\t\t<div class=\"e-gallery-image elementor-gallery-item__image\" data-thumbnail=\"https:\/\/het-stekje.nl\/wp-content\/uploads\/2021\/02\/stekje-images-galerij-tb-1616.jpg\" data-width=\"768\" data-height=\"310\" alt=\"\" ><\/div>\n\t\t\t\t\t\t\t\t\t\t\t\t\t\t<\/a>\n\t\t\t\t\t\t\t<a class=\"e-gallery-item elementor-gallery-item elementor-animated-content\" href=\"https:\/\/het-stekje.nl\/wp-content\/uploads\/2021\/02\/stekje-images-galerij-tb-10@2x2.jpg\" data-elementor-open-lightbox=\"yes\" data-elementor-lightbox-slideshow=\"all-da6104d\" data-elementor-lightbox-title=\"stekje-images-galerij-tb-10@2x2\">\n\t\t\t\t\t<div class=\"e-gallery-image elementor-gallery-item__image\" data-thumbnail=\"https:\/\/het-stekje.nl\/wp-content\/uploads\/2021\/02\/stekje-images-galerij-tb-10@2x2.jpg\" data-width=\"752\" data-height=\"614\" alt=\"\" ><\/div>\n\t\t\t\t\t\t\t\t\t\t\t\t\t\t<\/a>\n\t\t\t\t\t\t\t<a class=\"e-gallery-item elementor-gallery-item elementor-animated-content\" href=\"https:\/\/het-stekje.nl\/wp-content\/uploads\/2021\/02\/stekje-images-galerij-tb-1111.jpg\" data-elementor-open-lightbox=\"yes\" data-elementor-lightbox-slideshow=\"all-da6104d\" data-elementor-lightbox-title=\"stekje-images-galerij-tb-1111\">\n\t\t\t\t\t<div class=\"e-gallery-image elementor-gallery-item__image\" data-thumbnail=\"https:\/\/het-stekje.nl\/wp-content\/uploads\/2021\/02\/stekje-images-galerij-tb-1111.jpg\" data-width=\"768\" data-height=\"663\" alt=\"\" ><\/div>\n\t\t\t\t\t\t\t\t\t\t\t\t\t\t<\/a>\n\t\t\t\t\t\t\t<a class=\"e-gallery-item elementor-gallery-item elementor-animated-content\" href=\"https:\/\/het-stekje.nl\/wp-content\/uploads\/2021\/02\/stekje-images-galerij-tb-12@2x2.jpg\" data-elementor-open-lightbox=\"yes\" data-elementor-lightbox-slideshow=\"all-da6104d\" data-elementor-lightbox-title=\"stekje-images-galerij-tb-12@2x2\">\n\t\t\t\t\t<div class=\"e-gallery-image elementor-gallery-item__image\" data-thumbnail=\"https:\/\/het-stekje.nl\/wp-content\/uploads\/2021\/02\/stekje-images-galerij-tb-12@2x2.jpg\" data-width=\"752\" data-height=\"508\" alt=\"\" ><\/div>\n\t\t\t\t\t\t\t\t\t\t\t\t\t\t<\/a>\n\t\t\t\t\t\t\t<a class=\"e-gallery-item elementor-gallery-item elementor-animated-content\" href=\"https:\/\/het-stekje.nl\/wp-content\/uploads\/2021\/02\/stekje-images-galerij-tb-14@2x2.jpg\" data-elementor-open-lightbox=\"yes\" data-elementor-lightbox-slideshow=\"all-da6104d\" data-elementor-lightbox-title=\"stekje-images-galerij-tb-14@2x2\">\n\t\t\t\t\t<div class=\"e-gallery-image elementor-gallery-item__image\" data-thumbnail=\"https:\/\/het-stekje.nl\/wp-content\/uploads\/2021\/02\/stekje-images-galerij-tb-14@2x2.jpg\" data-width=\"752\" data-height=\"780\" alt=\"\" ><\/div>\n\t\t\t\t\t\t\t\t\t\t\t\t\t\t<\/a>\n\t\t\t\t\t\t\t<a class=\"e-gallery-item elementor-gallery-item elementor-animated-content\" href=\"https:\/\/het-stekje.nl\/wp-content\/uploads\/2021\/02\/roeien02-basic.jpg\" data-elementor-open-lightbox=\"yes\" data-elementor-lightbox-slideshow=\"all-da6104d\" data-elementor-lightbox-title=\"roeien02-basic\">\n\t\t\t\t\t<div class=\"e-gallery-image elementor-gallery-item__image\" data-thumbnail=\"https:\/\/het-stekje.nl\/wp-content\/uploads\/2021\/02\/roeien02-basic-1024x761.jpg\" data-width=\"800\" data-height=\"595\" alt=\"\" ><\/div>\n\t\t\t\t\t\t\t\t\t\t\t\t\t\t<\/a>\n\t\t\t\t\t\t\t<a class=\"e-gallery-item elementor-gallery-item elementor-animated-content\" href=\"https:\/\/het-stekje.nl\/wp-content\/uploads\/2021\/02\/Rectangle-81.jpg\" data-elementor-open-lightbox=\"yes\" data-elementor-lightbox-slideshow=\"all-da6104d\" data-elementor-lightbox-title=\"Rectangle 81\">\n\t\t\t\t\t<div class=\"e-gallery-image elementor-gallery-item__image\" data-thumbnail=\"https:\/\/het-stekje.nl\/wp-content\/uploads\/2021\/02\/Rectangle-81-1024x702.jpg\" data-width=\"800\" data-height=\"548\" alt=\"\" ><\/div>\n\t\t\t\t\t\t\t\t\t\t\t\t\t\t<\/a>\n\t\t\t\t\t\t\t<a class=\"e-gallery-item elementor-gallery-item elementor-animated-content\" href=\"https:\/\/het-stekje.nl\/wp-content\/uploads\/2021\/02\/stekje-images-galerij-tb-0808.jpg\" data-elementor-open-lightbox=\"yes\" data-elementor-lightbox-slideshow=\"all-da6104d\" data-elementor-lightbox-title=\"stekje-images-galerij-tb-0808\">\n\t\t\t\t\t<div class=\"e-gallery-image elementor-gallery-item__image\" data-thumbnail=\"https:\/\/het-stekje.nl\/wp-content\/uploads\/2021\/02\/stekje-images-galerij-tb-0808.jpg\" data-width=\"376\" data-height=\"489\" alt=\"\" ><\/div>\n\t\t\t\t\t\t\t\t\t\t\t\t\t\t<\/a>\n\t\t\t\t\t\t\t<a class=\"e-gallery-item elementor-gallery-item elementor-animated-content\" href=\"https:\/\/het-stekje.nl\/wp-content\/uploads\/2021\/02\/Rectangle-79.jpg\" data-elementor-open-lightbox=\"yes\" data-elementor-lightbox-slideshow=\"all-da6104d\" data-elementor-lightbox-title=\"Rectangle 79\">\n\t\t\t\t\t<div class=\"e-gallery-image elementor-gallery-item__image\" data-thumbnail=\"https:\/\/het-stekje.nl\/wp-content\/uploads\/2021\/02\/Rectangle-79-1024x682.jpg\" data-width=\"800\" data-height=\"533\" alt=\"\" ><\/div>\n\t\t\t\t\t\t\t\t\t\t\t\t\t\t<\/a>\n\t\t\t\t\t\t\t<a class=\"e-gallery-item elementor-gallery-item elementor-animated-content\" href=\"https:\/\/het-stekje.nl\/wp-content\/uploads\/2021\/08\/ov240-vakantiehuis-overijssel-kalenberg-441b0fb411.jpg\" data-elementor-open-lightbox=\"yes\" data-elementor-lightbox-slideshow=\"all-da6104d\" data-elementor-lightbox-title=\"ov240-vakantiehuis-overijssel-kalenberg-441b0fb411\">\n\t\t\t\t\t<div class=\"e-gallery-image elementor-gallery-item__image\" data-thumbnail=\"https:\/\/het-stekje.nl\/wp-content\/uploads\/2021\/08\/ov240-vakantiehuis-overijssel-kalenberg-441b0fb411-1024x768.jpg\" data-width=\"800\" data-height=\"600\" alt=\"\" ><\/div>\n\t\t\t\t\t\t\t\t\t\t\t\t\t\t<\/a>\n\t\t\t\t\t\t\t<a class=\"e-gallery-item elementor-gallery-item elementor-animated-content\" href=\"https:\/\/het-stekje.nl\/wp-content\/uploads\/2021\/08\/ov240-vakantiehuis-overijssel-kalenberg-392f9bf256.jpg\" data-elementor-open-lightbox=\"yes\" data-elementor-lightbox-slideshow=\"all-da6104d\" data-elementor-lightbox-title=\"ov240-vakantiehuis-overijssel-kalenberg-392f9bf256\">\n\t\t\t\t\t<div class=\"e-gallery-image elementor-gallery-item__image\" data-thumbnail=\"https:\/\/het-stekje.nl\/wp-content\/uploads\/2021\/08\/ov240-vakantiehuis-overijssel-kalenberg-392f9bf256-1024x683.jpg\" data-width=\"800\" data-height=\"534\" alt=\"\" ><\/div>\n\t\t\t\t\t\t\t\t\t\t\t\t\t\t<\/a>\n\t\t\t\t\t\t\t<a class=\"e-gallery-item elementor-gallery-item elementor-animated-content\" href=\"https:\/\/het-stekje.nl\/wp-content\/uploads\/2021\/08\/DSC3691-2-scaled.jpg\" data-elementor-open-lightbox=\"yes\" data-elementor-lightbox-slideshow=\"all-da6104d\" data-elementor-lightbox-title=\"_DSC3691-2\">\n\t\t\t\t\t<div class=\"e-gallery-image elementor-gallery-item__image\" data-thumbnail=\"https:\/\/het-stekje.nl\/wp-content\/uploads\/2021\/08\/DSC3691-2-1024x683.jpg\" data-width=\"800\" data-height=\"534\" alt=\"\" ><\/div>\n\t\t\t\t\t\t\t\t\t\t\t\t\t\t<\/a>\n\t\t\t\t\t\t\t<a class=\"e-gallery-item elementor-gallery-item elementor-animated-content\" href=\"https:\/\/het-stekje.nl\/wp-content\/uploads\/2021\/08\/ov240-vakantiehuis-overijssel-kalenberg-188ab5daba.jpg\" data-elementor-open-lightbox=\"yes\" data-elementor-lightbox-slideshow=\"all-da6104d\" data-elementor-lightbox-title=\"ov240-vakantiehuis-overijssel-kalenberg-188ab5daba\">\n\t\t\t\t\t<div class=\"e-gallery-image elementor-gallery-item__image\" data-thumbnail=\"https:\/\/het-stekje.nl\/wp-content\/uploads\/2021\/08\/ov240-vakantiehuis-overijssel-kalenberg-188ab5daba-1024x686.jpg\" data-width=\"800\" data-height=\"536\" alt=\"\" ><\/div>\n\t\t\t\t\t\t\t\t\t\t\t\t\t\t<\/a>\n\t\t\t\t\t\t\t<a class=\"e-gallery-item elementor-gallery-item elementor-animated-content\" href=\"https:\/\/het-stekje.nl\/wp-content\/uploads\/2021\/08\/DSC3945.jpg\" data-elementor-open-lightbox=\"yes\" data-elementor-lightbox-slideshow=\"all-da6104d\" data-elementor-lightbox-title=\"_DSC3945\">\n\t\t\t\t\t<div class=\"e-gallery-image elementor-gallery-item__image\" data-thumbnail=\"https:\/\/het-stekje.nl\/wp-content\/uploads\/2021\/08\/DSC3945.jpg\" data-width=\"640\" data-height=\"554\" alt=\"\" ><\/div>\n\t\t\t\t\t\t\t\t\t\t\t\t\t\t<\/a>\n\t\t\t\t\t\t\t<a class=\"e-gallery-item elementor-gallery-item elementor-animated-content\" href=\"https:\/\/het-stekje.nl\/wp-content\/uploads\/2021\/02\/stekje-images-galerij-tb-1313.jpg\" data-elementor-open-lightbox=\"yes\" data-elementor-lightbox-slideshow=\"all-da6104d\" data-elementor-lightbox-title=\"stekje-images-galerij-tb-1313\">\n\t\t\t\t\t<div class=\"e-gallery-image elementor-gallery-item__image\" data-thumbnail=\"https:\/\/het-stekje.nl\/wp-content\/uploads\/2021\/02\/stekje-images-galerij-tb-1313.jpg\" data-width=\"376\" data-height=\"390\" alt=\"\" ><\/div>\n\t\t\t\t\t\t\t\t\t\t\t\t\t\t<\/a>\n\t\t\t\t\t\t\t<a class=\"e-gallery-item elementor-gallery-item elementor-animated-content\" href=\"https:\/\/het-stekje.nl\/wp-content\/uploads\/2021\/08\/ov240-vakantiehuis-overijssel-kalenberg-951704cc67.jpg\" data-elementor-open-lightbox=\"yes\" data-elementor-lightbox-slideshow=\"all-da6104d\" data-elementor-lightbox-title=\"ov240-vakantiehuis-overijssel-kalenberg-951704cc67\">\n\t\t\t\t\t<div class=\"e-gallery-image elementor-gallery-item__image\" data-thumbnail=\"https:\/\/het-stekje.nl\/wp-content\/uploads\/2021\/08\/ov240-vakantiehuis-overijssel-kalenberg-951704cc67-1024x768.jpg\" data-width=\"800\" data-height=\"600\" alt=\"\" ><\/div>\n\t\t\t\t\t\t\t\t\t\t\t\t\t\t<\/a>\n\t\t\t\t\t\t\t<a class=\"e-gallery-item elementor-gallery-item elementor-animated-content\" href=\"https:\/\/het-stekje.nl\/wp-content\/uploads\/2021\/08\/ov240-vakantiehuis-overijssel-kalenberg-82824055c9.jpg\" data-elementor-open-lightbox=\"yes\" data-elementor-lightbox-slideshow=\"all-da6104d\" data-elementor-lightbox-title=\"ov240-vakantiehuis-overijssel-kalenberg-82824055c9\">\n\t\t\t\t\t<div class=\"e-gallery-image elementor-gallery-item__image\" data-thumbnail=\"https:\/\/het-stekje.nl\/wp-content\/uploads\/2021\/08\/ov240-vakantiehuis-overijssel-kalenberg-82824055c9-1024x683.jpg\" data-width=\"800\" data-height=\"534\" alt=\"\" ><\/div>\n\t\t\t\t\t\t\t\t\t\t\t\t\t\t<\/a>\n\t\t\t\t\t\t\t<a class=\"e-gallery-item elementor-gallery-item elementor-animated-content\" href=\"https:\/\/het-stekje.nl\/wp-content\/uploads\/2021\/08\/P1210059-scaled.jpg\" data-elementor-open-lightbox=\"yes\" data-elementor-lightbox-slideshow=\"all-da6104d\" data-elementor-lightbox-title=\"OLYMPUS DIGITAL CAMERA\">\n\t\t\t\t\t<div class=\"e-gallery-image elementor-gallery-item__image\" data-thumbnail=\"https:\/\/het-stekje.nl\/wp-content\/uploads\/2021\/08\/P1210059-1024x768.jpg\" data-width=\"800\" data-height=\"600\" alt=\"\" ><\/div>\n\t\t\t\t\t\t\t\t\t\t\t\t\t\t<\/a>\n\t\t\t\t\t\t\t<a class=\"e-gallery-item elementor-gallery-item elementor-animated-content\" href=\"https:\/\/het-stekje.nl\/wp-content\/uploads\/2021\/08\/ov240-vakantiehuis-overijssel-kalenberg-41124fe2d5.jpg\" data-elementor-open-lightbox=\"yes\" data-elementor-lightbox-slideshow=\"all-da6104d\" data-elementor-lightbox-title=\"ov240-vakantiehuis-overijssel-kalenberg-41124fe2d5\">\n\t\t\t\t\t<div class=\"e-gallery-image elementor-gallery-item__image\" data-thumbnail=\"https:\/\/het-stekje.nl\/wp-content\/uploads\/2021\/08\/ov240-vakantiehuis-overijssel-kalenberg-41124fe2d5-1024x686.jpg\" data-width=\"800\" data-height=\"536\" alt=\"\" ><\/div>\n\t\t\t\t\t\t\t\t\t\t\t\t\t\t<\/a>\n\t\t\t\t\t<\/div>\n\t\t\t<\/div>\n\t\t\t\t<\/div>\n\t\t\t\t<div class=\"elementor-element elementor-element-1f958e7 elementor-widget elementor-widget-text-editor\" data-id=\"1f958e7\" data-element_type=\"widget\" data-widget_type=\"text-editor.default\">\n\t\t\t\t<div class=\"elementor-widget-container\">\n\t\t\t\t\t<div class=\"elementor-text-editor elementor-clearfix\"><p>Fotografie: Weerribben Fotograf<\/p><\/div>\n\t\t\t\t<\/div>\n\t\t\t\t<\/div>\n\t\t\t\t\t\t<\/div>\n\t\t\t\t\t<\/div>\n\t\t<\/div>\n\t\t\t\t\t\t\t\t<\/div>\n\t\t\t\t\t<\/div>\n\t\t<\/section>\n\t\t\t\t<section class=\"elementor-section elementor-top-section elementor-element elementor-element-afe456c elementor-section-boxed elementor-section-height-default elementor-section-height-default\" data-id=\"afe456c\" data-element_type=\"section\">\n\t\t\t\t\t\t<div class=\"elementor-container elementor-column-gap-default\">\n\t\t\t\t\t\t\t<div class=\"elementor-row\">\n\t\t\t\t\t<div class=\"elementor-column elementor-col-100 elementor-top-column elementor-element elementor-element-7b4a3b4\" data-id=\"7b4a3b4\" data-element_type=\"column\" data-settings=\"{&quot;motion_fx_motion_fx_scrolling&quot;:&quot;yes&quot;,&quot;motion_fx_translateY_effect&quot;:&quot;yes&quot;,&quot;motion_fx_translateY_speed&quot;:{&quot;unit&quot;:&quot;px&quot;,&quot;size&quot;:1,&quot;sizes&quot;:[]},&quot;motion_fx_translateY_affectedRange&quot;:{&quot;unit&quot;:&quot;%&quot;,&quot;size&quot;:&quot;&quot;,&quot;sizes&quot;:{&quot;start&quot;:20,&quot;end&quot;:100}},&quot;motion_fx_devices&quot;:[&quot;desktop&quot;,&quot;tablet&quot;,&quot;mobile&quot;]}\">\n\t\t\t<div class=\"elementor-column-wrap elementor-element-populated\">\n\t\t\t\t\t\t\t<div class=\"elementor-widget-wrap\">\n\t\t\t\t\t\t<div class=\"elementor-element elementor-element-0edc47b elementor-widget elementor-widget-heading\" data-id=\"0edc47b\" data-element_type=\"widget\" data-widget_type=\"heading.default\">\n\t\t\t\t<div class=\"elementor-widget-container\">\n\t\t\t<h4 class=\"elementor-heading-title elementor-size-default\">Der perfekte Ort<br> das ganze Jahr \u00fcber<\/h4>\t\t<\/div>\n\t\t\t\t<\/div>\n\t\t\t\t<div class=\"elementor-element elementor-element-23e18ea elementor-align-center elementor-widget elementor-widget-button\" data-id=\"23e18ea\" data-element_type=\"widget\" data-widget_type=\"button.default\">\n\t\t\t\t<div class=\"elementor-widget-container\">\n\t\t\t\t\t<div class=\"elementor-button-wrapper\">\n\t\t\t<a href=\"https:\/\/het-stekje.nl\/de\/boeken\/\" class=\"elementor-button-link elementor-button elementor-size-sm\" role=\"button\">\n\t\t\t\t\t\t<span class=\"elementor-button-content-wrapper\">\n\t\t\t\t\t\t<span class=\"elementor-button-text\">Buchen Sie direkt<\/span>\n\t\t<\/span>\n\t\t\t\t\t<\/a>\n\t\t<\/div>\n\t\t\t\t<\/div>\n\t\t\t\t<\/div>\n\t\t\t\t\t\t<\/div>\n\t\t\t\t\t<\/div>\n\t\t<\/div>\n\t\t\t\t\t\t\t\t<\/div>\n\t\t\t\t\t<\/div>\n\t\t<\/section>\n\t\t\t\t\t\t<\/div>\n\t\t\t\t\t\t<\/div>\n\t\t\t\t\t<\/div>","protected":false},"excerpt":{"rendered":"<p>Rietvelden zover hetoog reikt. Een beeld zegt meer dan 1000 woorden Vakantiehuis \u2019t Stekje in Kalenberg ligt middenin Nationaal Park Weerribben-Wieden, het grootste laagveenmoeras van Noordwest-Europa. Hier kunt u via tientallen bruggetjes en eindeloze rietvelden volop fietsen, wandelen en varen. In de omgeving zijn schattige dorpjes en adresjes te vinden om lekker te genieten. Fotografie: [&hellip;]<\/p>","protected":false},"author":2,"featured_media":0,"parent":0,"menu_order":0,"comment_status":"closed","ping_status":"closed","template":"elementor_header_footer","meta":[],"_links":{"self":[{"href":"https:\/\/het-stekje.nl\/de\/wp-json\/wp\/v2\/pages\/1082"}],"collection":[{"href":"https:\/\/het-stekje.nl\/de\/wp-json\/wp\/v2\/pages"}],"about":[{"href":"https:\/\/het-stekje.nl\/de\/wp-json\/wp\/v2\/types\/page"}],"author":[{"embeddable":true,"href":"https:\/\/het-stekje.nl\/de\/wp-json\/wp\/v2\/users\/2"}],"replies":[{"embeddable":true,"href":"https:\/\/het-stekje.nl\/de\/wp-json\/wp\/v2\/comments?post=1082"}],"version-history":[{"count":76,"href":"https:\/\/het-stekje.nl\/de\/wp-json\/wp\/v2\/pages\/1082\/revisions"}],"predecessor-version":[{"id":2062,"href":"https:\/\/het-stekje.nl\/de\/wp-json\/wp\/v2\/pages\/1082\/revisions\/2062"}],"wp:attachment":[{"href":"https:\/\/het-stekje.nl\/de\/wp-json\/wp\/v2\/media?parent=1082"}],"curies":[{"name":"wp","href":"https:\/\/api.w.org\/{rel}","templated":true}]}}