{"id":959,"date":"2021-02-02T22:16:32","date_gmt":"2021-02-02T22:16:32","guid":{"rendered":"http:\/\/www.het-stekje.nl\/?page_id=959"},"modified":"2021-04-13T23:48:59","modified_gmt":"2021-04-13T23:48:59","slug":"home-2","status":"publish","type":"page","link":"https:\/\/het-stekje.nl\/de\/","title":{"rendered":"Home"},"content":{"rendered":"<div data-elementor-type=\"wp-page\" data-elementor-id=\"959\" class=\"elementor elementor-959\" data-elementor-settings=\"[]\">\n\t\t\t\t\t\t<div class=\"elementor-inner\">\n\t\t\t\t\t\t\t<div class=\"elementor-section-wrap\">\n\t\t\t\t\t\t\t<section class=\"elementor-section elementor-top-section elementor-element elementor-element-b5d7283 elementor-section-height-min-height elementor-section-boxed elementor-section-height-default elementor-section-items-middle\" data-id=\"b5d7283\" data-element_type=\"section\" data-settings=\"{&quot;background_background&quot;:&quot;classic&quot;,&quot;shape_divider_bottom&quot;:&quot;curve&quot;,&quot;shape_divider_bottom_negative&quot;:&quot;yes&quot;,&quot;background_motion_fx_motion_fx_scrolling&quot;:&quot;yes&quot;,&quot;background_motion_fx_devices&quot;:[&quot;desktop&quot;,&quot;tablet&quot;,&quot;mobile&quot;]}\">\n\t\t\t\t\t\t\t<div class=\"elementor-background-overlay\"><\/div>\n\t\t\t\t\t\t<div class=\"elementor-shape elementor-shape-bottom\" data-negative=\"true\">\n\t\t\t<svg xmlns=\"http:\/\/www.w3.org\/2000\/svg\" viewbox=\"0 0 1000 100\" preserveaspectratio=\"none\">\n\t<path class=\"elementor-shape-fill\" d=\"M500,97C126.7,96.3,0.8,19.8,0,0v100l1000,0V1C1000,19.4,873.3,97.8,500,97z\"\/>\n<\/svg>\t\t<\/div>\n\t\t\t\t\t<div class=\"elementor-container elementor-column-gap-default\">\n\t\t\t\t\t\t\t<div class=\"elementor-row\">\n\t\t\t\t\t<div class=\"elementor-column elementor-col-50 elementor-top-column elementor-element elementor-element-bc00f1c\" data-id=\"bc00f1c\" data-element_type=\"column\" data-settings=\"{&quot;motion_fx_motion_fx_scrolling&quot;:&quot;yes&quot;,&quot;motion_fx_translateY_effect&quot;:&quot;yes&quot;,&quot;motion_fx_translateY_speed&quot;:{&quot;unit&quot;:&quot;px&quot;,&quot;size&quot;:2,&quot;sizes&quot;:[]},&quot;motion_fx_translateY_affectedRange&quot;:{&quot;unit&quot;:&quot;%&quot;,&quot;size&quot;:&quot;&quot;,&quot;sizes&quot;:{&quot;start&quot;:60,&quot;end&quot;:100}},&quot;motion_fx_devices&quot;:[&quot;desktop&quot;,&quot;tablet&quot;,&quot;mobile&quot;]}\">\n\t\t\t<div class=\"elementor-column-wrap elementor-element-populated\">\n\t\t\t\t\t\t\t<div class=\"elementor-widget-wrap\">\n\t\t\t\t\t\t<div class=\"elementor-element elementor-element-bcb2a27 elementor-widget elementor-widget-heading\" data-id=\"bcb2a27\" data-element_type=\"widget\" data-widget_type=\"heading.default\">\n\t\t\t\t<div class=\"elementor-widget-container\">\n\t\t\t<h6 class=\"elementor-heading-title elementor-size-default\">\u2019T stekje kalenberg<\/h6>\t\t<\/div>\n\t\t\t\t<\/div>\n\t\t\t\t<div class=\"elementor-element elementor-element-feda927 elementor-widget elementor-widget-heading\" data-id=\"feda927\" data-element_type=\"widget\" data-widget_type=\"heading.default\">\n\t\t\t\t<div class=\"elementor-widget-container\">\n\t\t\t<h1 class=\"elementor-heading-title elementor-size-default\">Ein unber\u00fchrter Teil der Niederlande. <\/h1>\t\t<\/div>\n\t\t\t\t<\/div>\n\t\t\t\t<div class=\"elementor-element elementor-element-a0444d5 elementor-invisible elementor-widget elementor-widget-button\" data-id=\"a0444d5\" data-element_type=\"widget\" data-settings=\"{&quot;_animation&quot;:&quot;fadeInUp&quot;}\" data-widget_type=\"button.default\">\n\t\t\t\t<div class=\"elementor-widget-container\">\n\t\t\t\t\t<div class=\"elementor-button-wrapper\">\n\t\t\t<a href=\"https:\/\/het-stekje.nl\/de\/boeken\/\" class=\"elementor-button-link elementor-button elementor-size-sm\" role=\"button\">\n\t\t\t\t\t\t<span class=\"elementor-button-content-wrapper\">\n\t\t\t\t\t\t<span class=\"elementor-button-text\">Buchen Sie direkt<\/span>\n\t\t<\/span>\n\t\t\t\t\t<\/a>\n\t\t<\/div>\n\t\t\t\t<\/div>\n\t\t\t\t<\/div>\n\t\t\t\t\t\t<\/div>\n\t\t\t\t\t<\/div>\n\t\t<\/div>\n\t\t\t\t<div class=\"elementor-column elementor-col-50 elementor-top-column elementor-element elementor-element-00de91a\" data-id=\"00de91a\" data-element_type=\"column\">\n\t\t\t<div class=\"elementor-column-wrap\">\n\t\t\t\t\t\t\t<div class=\"elementor-widget-wrap\">\n\t\t\t\t\t\t\t\t<\/div>\n\t\t\t\t\t<\/div>\n\t\t<\/div>\n\t\t\t\t\t\t\t\t<\/div>\n\t\t\t\t\t<\/div>\n\t\t<\/section>\n\t\t\t\t<section class=\"elementor-section elementor-top-section elementor-element elementor-element-277d3f0 elementor-section-boxed elementor-section-height-default elementor-section-height-default\" data-id=\"277d3f0\" data-element_type=\"section\" id=\"down\">\n\t\t\t\t\t\t<div class=\"elementor-container elementor-column-gap-default\">\n\t\t\t\t\t\t\t<div class=\"elementor-row\">\n\t\t\t\t\t<div class=\"make-column-clickable-elementor elementor-column elementor-col-100 elementor-top-column elementor-element elementor-element-534d3bf\" style=\"cursor: pointer;\" data-column-clickable=\"#down\" data-column-clickable-blank=\"_self\" data-id=\"534d3bf\" data-element_type=\"column\">\n\t\t\t<div class=\"elementor-column-wrap elementor-element-populated\">\n\t\t\t\t\t\t\t<div class=\"elementor-widget-wrap\">\n\t\t\t\t\t\t<div class=\"elementor-element elementor-element-41c4b66 elementor-view-default elementor-widget elementor-widget-icon\" data-id=\"41c4b66\" data-element_type=\"widget\" data-widget_type=\"icon.default\">\n\t\t\t\t<div class=\"elementor-widget-container\">\n\t\t\t\t\t<div class=\"elementor-icon-wrapper\">\n\t\t\t<div class=\"elementor-icon\">\n\t\t\t<svg xmlns=\"http:\/\/www.w3.org\/2000\/svg\" xmlns:xlink=\"http:\/\/www.w3.org\/1999\/xlink\" id=\"Laag_1\" x=\"0px\" y=\"0px\" viewbox=\"0 0 100 100\" style=\"enable-background:new 0 0 100 100;\" xml:space=\"preserve\">\n<style type=\"text\/css\">\n\t.st0{fill:#FFFFFF;}\n<\/style>\n<g>\n\t<path class=\"st0\" d=\"M78.5,65.4v-31c0-16-12.8-29-28.5-29s-28.5,13-28.5,29v31.1c0,16,12.8,29,28.5,29S78.5,81.4,78.5,65.4z    M26.5,65.4v-31c0-13.2,10.6-24,23.5-24s23.5,10.8,23.5,24v31.1c0,13.2-10.6,24-23.5,24S26.5,78.6,26.5,65.4z\"><\/path>\n<\/g>\n<g>\n\t<g>\n\t\t<path class=\"st0\" d=\"M58.3,60.9c-0.6,0.6-7.1,6.8-7.1,6.8c-0.3,0.3-0.8,0.5-1.2,0.5s-0.9-0.2-1.2-0.5c0,0-6.5-6.2-7.1-6.8    c-0.6-0.6-0.7-1.8,0-2.4c0.7-0.7,1.6-0.7,2.4,0l5.9,5.7l5.9-5.7c0.8-0.7,1.7-0.7,2.4,0C58.9,59.1,58.9,60.2,58.3,60.9z\"><\/path>\n\t<\/g>\n\t<g>\n\t\t<path class=\"st0\" d=\"M58.3,47.8c-0.6,0.6-7.1,6.8-7.1,6.8c-0.3,0.3-0.8,0.5-1.2,0.5s-0.9-0.2-1.2-0.5c0,0-6.5-6.2-7.1-6.8    c-0.6-0.6-0.7-1.8,0-2.4c0.7-0.7,1.6-0.7,2.4,0L50,51l5.9-5.7c0.8-0.7,1.7-0.7,2.4,0C58.9,46,58.9,47.2,58.3,47.8z\"><\/path>\n\t<\/g>\n\t<g>\n\t\t<path class=\"st0\" d=\"M58.3,34.8c-0.6,0.6-7.1,6.8-7.1,6.8c-0.3,0.3-0.8,0.5-1.2,0.5s-0.9-0.2-1.2-0.5c0,0-6.5-6.2-7.1-6.8    c-0.6-0.6-0.7-1.8,0-2.4c0.7-0.7,1.6-0.7,2.4,0L50,38l5.9-5.7c0.8-0.7,1.7-0.7,2.4,0C58.9,33,58.9,34.1,58.3,34.8z\"><\/path>\n\t<\/g>\n<\/g>\n<\/svg>\t\t\t<\/div>\n\t\t<\/div>\n\t\t\t\t<\/div>\n\t\t\t\t<\/div>\n\t\t\t\t<div class=\"elementor-element elementor-element-0517988 elementor-widget elementor-widget-heading\" data-id=\"0517988\" data-element_type=\"widget\" data-widget_type=\"heading.default\">\n\t\t\t\t<div class=\"elementor-widget-container\">\n\t\t\t<h6 class=\"elementor-heading-title elementor-size-default\">Scroll<br>\nNaar beneden<\/h6>\t\t<\/div>\n\t\t\t\t<\/div>\n\t\t\t\t\t\t<\/div>\n\t\t\t\t\t<\/div>\n\t\t<\/div>\n\t\t\t\t\t\t\t\t<\/div>\n\t\t\t\t\t<\/div>\n\t\t<\/section>\n\t\t\t\t<section class=\"elementor-section elementor-top-section elementor-element elementor-element-e0230a1 elementor-section-boxed elementor-section-height-default elementor-section-height-default\" data-id=\"e0230a1\" data-element_type=\"section\" data-settings=\"{&quot;background_background&quot;:&quot;classic&quot;}\">\n\t\t\t\t\t\t<div class=\"elementor-container elementor-column-gap-default\">\n\t\t\t\t\t\t\t<div class=\"elementor-row\">\n\t\t\t\t\t<div class=\"elementor-column elementor-col-100 elementor-top-column elementor-element elementor-element-c0cd348\" data-id=\"c0cd348\" data-element_type=\"column\">\n\t\t\t<div class=\"elementor-column-wrap elementor-element-populated\">\n\t\t\t\t\t\t\t<div class=\"elementor-widget-wrap\">\n\t\t\t\t\t\t<div class=\"elementor-element elementor-element-05164cc elementor-widget elementor-widget-heading\" data-id=\"05164cc\" data-element_type=\"widget\" data-widget_type=\"heading.default\">\n\t\t\t\t<div class=\"elementor-widget-container\">\n\t\t\t<h2 class=\"elementor-heading-title elementor-size-default\">Fand es!<\/h2>\t\t<\/div>\n\t\t\t\t<\/div>\n\t\t\t\t<div class=\"elementor-element elementor-element-de722be elementor-widget elementor-widget-text-editor\" data-id=\"de722be\" data-element_type=\"widget\" data-widget_type=\"text-editor.default\">\n\t\t\t\t<div class=\"elementor-widget-container\">\n\t\t\t\t\t<div class=\"elementor-text-editor elementor-clearfix\"><p>W\u00e4hrend die Enten mit ihren Nachkommen vorbeischwimmen, k\u00f6nnen Sie sich in 't Stekje vollkommen entspannen. Umgeben von Wasser, mit Blick auf die Schilfg\u00e4rten, ist eine Verlangsamung eine Selbstverst\u00e4ndlichkeit.<\/p>\n<p>Die Vorderseite des Ferienhauses befindet sich an der Kalenbergergracht, einer Verbindung zwischen der Wasserstra\u00dfenverbindung Blokzijl, Giethoornsche Meer und den friesischen Wasserstra\u00dfen.<\/p>\n<p>An der Seite des Hauses verl\u00e4uft eine Wasserstra\u00dfe nach hinten, wo sich das Gel\u00e4nde durch kleine Wasserstra\u00dfen in der einzigartigen Natur des Nationalparks Weerribben-Wieden befindet.<\/p>\n<p>Das gem\u00fctliche Wohnzimmer mit vielen Fenstern und Terrassent\u00fcren bietet einen Blick auf vorbeifahrende Boote, Fischer, Wanderer und Radfahrer. Es ist immer etwas los hier!<\/p><\/div>\n\t\t\t\t<\/div>\n\t\t\t\t<\/div>\n\t\t\t\t<div class=\"elementor-element elementor-element-e0f866a elementor-align-center elementor-widget elementor-widget-button\" data-id=\"e0f866a\" data-element_type=\"widget\" data-widget_type=\"button.default\">\n\t\t\t\t<div class=\"elementor-widget-container\">\n\t\t\t\t\t<div class=\"elementor-button-wrapper\">\n\t\t\t<a href=\"https:\/\/het-stekje.nl\/de\/vakantiehuis-het-stekje\/\" class=\"elementor-button-link elementor-button elementor-size-sm\" role=\"button\">\n\t\t\t\t\t\t<span class=\"elementor-button-content-wrapper\">\n\t\t\t\t\t\t<span class=\"elementor-button-text\">\u00dcber 't Stekje<\/span>\n\t\t<\/span>\n\t\t\t\t\t<\/a>\n\t\t<\/div>\n\t\t\t\t<\/div>\n\t\t\t\t<\/div>\n\t\t\t\t\t\t<\/div>\n\t\t\t\t\t<\/div>\n\t\t<\/div>\n\t\t\t\t\t\t\t\t<\/div>\n\t\t\t\t\t<\/div>\n\t\t<\/section>\n\t\t\t\t<section class=\"elementor-section elementor-top-section elementor-element elementor-element-a07ea0c elementor-section-boxed elementor-section-height-default elementor-section-height-default\" data-id=\"a07ea0c\" data-element_type=\"section\">\n\t\t\t\t\t\t<div class=\"elementor-container elementor-column-gap-default\">\n\t\t\t\t\t\t\t<div class=\"elementor-row\">\n\t\t\t\t\t<div class=\"elementor-column elementor-col-100 elementor-top-column elementor-element elementor-element-b891069\" data-id=\"b891069\" data-element_type=\"column\">\n\t\t\t<div class=\"elementor-column-wrap elementor-element-populated\">\n\t\t\t\t\t\t\t<div class=\"elementor-widget-wrap\">\n\t\t\t\t\t\t<div class=\"elementor-element elementor-element-f8b4774 elementor-widget elementor-widget-gallery\" data-id=\"f8b4774\" data-element_type=\"widget\" data-settings=\"{&quot;gallery_layout&quot;:&quot;justified&quot;,&quot;ideal_row_height&quot;:{&quot;unit&quot;:&quot;px&quot;,&quot;size&quot;:250,&quot;sizes&quot;:[]},&quot;ideal_row_height_tablet&quot;:{&quot;unit&quot;:&quot;px&quot;,&quot;size&quot;:195,&quot;sizes&quot;:[]},&quot;gap&quot;:{&quot;unit&quot;:&quot;px&quot;,&quot;size&quot;:18,&quot;sizes&quot;:[]},&quot;image_hover_animation&quot;:&quot;grow&quot;,&quot;ideal_row_height_mobile&quot;:{&quot;unit&quot;:&quot;px&quot;,&quot;size&quot;:140,&quot;sizes&quot;:[]},&quot;lazyload&quot;:&quot;yes&quot;,&quot;gap_tablet&quot;:{&quot;unit&quot;:&quot;px&quot;,&quot;size&quot;:10,&quot;sizes&quot;:[]},&quot;gap_mobile&quot;:{&quot;unit&quot;:&quot;px&quot;,&quot;size&quot;:10,&quot;sizes&quot;:[]},&quot;link_to&quot;:&quot;file&quot;,&quot;content_hover_animation&quot;:&quot;fade-in&quot;}\" data-widget_type=\"gallery.default\">\n\t\t\t\t<div class=\"elementor-widget-container\">\n\t\t\t\t\t<div class=\"elementor-gallery__container\">\n\t\t\t\t\t\t\t<a class=\"e-gallery-item elementor-gallery-item elementor-animated-content\" href=\"https:\/\/het-stekje.nl\/wp-content\/uploads\/2021\/02\/roeien02-basic.jpg\" data-elementor-open-lightbox=\"yes\" data-elementor-lightbox-slideshow=\"all-f8b4774\" data-elementor-lightbox-title=\"roeien02-basic\">\n\t\t\t\t\t<div class=\"e-gallery-image elementor-gallery-item__image\" data-thumbnail=\"https:\/\/het-stekje.nl\/wp-content\/uploads\/2021\/02\/roeien02-basic-1024x761.jpg\" data-width=\"800\" data-height=\"595\" alt=\"\" ><\/div>\n\t\t\t\t\t\t\t\t\t\t\t\t\t\t<\/a>\n\t\t\t\t\t\t\t<a class=\"e-gallery-item elementor-gallery-item elementor-animated-content\" href=\"https:\/\/het-stekje.nl\/wp-content\/uploads\/2021\/02\/stekje-images-galerij-tb-07@2x2.jpg\" data-elementor-open-lightbox=\"yes\" data-elementor-lightbox-slideshow=\"all-f8b4774\" data-elementor-lightbox-title=\"stekje-images-galerij-tb-07@2x2\">\n\t\t\t\t\t<div class=\"e-gallery-image elementor-gallery-item__image\" data-thumbnail=\"https:\/\/het-stekje.nl\/wp-content\/uploads\/2021\/02\/stekje-images-galerij-tb-07@2x2.jpg\" data-width=\"752\" data-height=\"432\" alt=\"\" ><\/div>\n\t\t\t\t\t\t\t\t\t\t\t\t\t\t<\/a>\n\t\t\t\t\t\t\t<a class=\"e-gallery-item elementor-gallery-item elementor-animated-content\" href=\"https:\/\/het-stekje.nl\/wp-content\/uploads\/2021\/02\/stekje-images-Rectangle-80.jpg\" data-elementor-open-lightbox=\"yes\" data-elementor-lightbox-slideshow=\"all-f8b4774\" data-elementor-lightbox-title=\"stekje-images-Rectangle 80\">\n\t\t\t\t\t<div class=\"e-gallery-image elementor-gallery-item__image\" data-thumbnail=\"https:\/\/het-stekje.nl\/wp-content\/uploads\/2021\/02\/stekje-images-Rectangle-80-667x1024.jpg\" data-width=\"667\" data-height=\"1024\" alt=\"\" ><\/div>\n\t\t\t\t\t\t\t\t\t\t\t\t\t\t<\/a>\n\t\t\t\t\t\t\t<a class=\"e-gallery-item elementor-gallery-item elementor-animated-content\" href=\"https:\/\/het-stekje.nl\/wp-content\/uploads\/2021\/02\/wijn@2x2-scaled.jpg\" data-elementor-open-lightbox=\"yes\" data-elementor-lightbox-slideshow=\"all-f8b4774\" data-elementor-lightbox-title=\"wijn@2x2\">\n\t\t\t\t\t<div class=\"e-gallery-image elementor-gallery-item__image\" data-thumbnail=\"https:\/\/het-stekje.nl\/wp-content\/uploads\/2021\/02\/wijn@2x2-1024x576.jpg\" data-width=\"800\" data-height=\"450\" alt=\"\" ><\/div>\n\t\t\t\t\t\t\t\t\t\t\t\t\t\t<\/a>\n\t\t\t\t\t<\/div>\n\t\t\t<\/div>\n\t\t\t\t<\/div>\n\t\t\t\t\t\t<\/div>\n\t\t\t\t\t<\/div>\n\t\t<\/div>\n\t\t\t\t\t\t\t\t<\/div>\n\t\t\t\t\t<\/div>\n\t\t<\/section>\n\t\t\t\t<section class=\"elementor-section elementor-top-section elementor-element elementor-element-65a6ccf elementor-section-boxed elementor-section-height-default elementor-section-height-default\" data-id=\"65a6ccf\" data-element_type=\"section\">\n\t\t\t\t\t\t<div class=\"elementor-container elementor-column-gap-default\">\n\t\t\t\t\t\t\t<div class=\"elementor-row\">\n\t\t\t\t\t<div class=\"elementor-column elementor-col-100 elementor-top-column elementor-element elementor-element-fc91c30\" data-id=\"fc91c30\" data-element_type=\"column\" data-settings=\"{&quot;motion_fx_motion_fx_scrolling&quot;:&quot;yes&quot;,&quot;motion_fx_translateY_effect&quot;:&quot;yes&quot;,&quot;motion_fx_translateY_speed&quot;:{&quot;unit&quot;:&quot;px&quot;,&quot;size&quot;:1,&quot;sizes&quot;:[]},&quot;motion_fx_translateY_affectedRange&quot;:{&quot;unit&quot;:&quot;%&quot;,&quot;size&quot;:&quot;&quot;,&quot;sizes&quot;:{&quot;start&quot;:20,&quot;end&quot;:100}},&quot;motion_fx_devices&quot;:[&quot;desktop&quot;,&quot;tablet&quot;,&quot;mobile&quot;]}\">\n\t\t\t<div class=\"elementor-column-wrap elementor-element-populated\">\n\t\t\t\t\t\t\t<div class=\"elementor-widget-wrap\">\n\t\t\t\t\t\t<div class=\"elementor-element elementor-element-bf91384 elementor-widget elementor-widget-heading\" data-id=\"bf91384\" data-element_type=\"widget\" data-widget_type=\"heading.default\">\n\t\t\t\t<div class=\"elementor-widget-container\">\n\t\t\t<h4 class=\"elementor-heading-title elementor-size-default\">Ein Ferienhaus<br> f\u00fcr Genie\u00dfer<\/h4>\t\t<\/div>\n\t\t\t\t<\/div>\n\t\t\t\t<div class=\"elementor-element elementor-element-ddc2088 elementor-align-center elementor-widget elementor-widget-button\" data-id=\"ddc2088\" data-element_type=\"widget\" data-widget_type=\"button.default\">\n\t\t\t\t<div class=\"elementor-widget-container\">\n\t\t\t\t\t<div class=\"elementor-button-wrapper\">\n\t\t\t<a href=\"https:\/\/het-stekje.nl\/de\/galerij\/\" class=\"elementor-button-link elementor-button elementor-size-sm\" role=\"button\">\n\t\t\t\t\t\t<span class=\"elementor-button-content-wrapper\">\n\t\t\t\t\t\t<span class=\"elementor-button-text\">Eindruck sehen<\/span>\n\t\t<\/span>\n\t\t\t\t\t<\/a>\n\t\t<\/div>\n\t\t\t\t<\/div>\n\t\t\t\t<\/div>\n\t\t\t\t\t\t<\/div>\n\t\t\t\t\t<\/div>\n\t\t<\/div>\n\t\t\t\t\t\t\t\t<\/div>\n\t\t\t\t\t<\/div>\n\t\t<\/section>\n\t\t\t\t\t\t<\/div>\n\t\t\t\t\t\t<\/div>\n\t\t\t\t\t<\/div>","protected":false},"excerpt":{"rendered":"<p>\u2019T stekje kalenberg Een ongerept stukje Nederland. Boek Direct Scroll Naar beneden Gevonden! Terwijl de eendjes met hun kroost langs zwemmen, komt u volledig tot rust in \u2018t Stekje. Omgeven door water, met uitzicht op de rietvelden gaat onthaasten als vanzelf. De voorzijde van het vakantiehuis is gelegen aan de Kalenbergergracht, een schakel in de [&hellip;]<\/p>","protected":false},"author":2,"featured_media":0,"parent":0,"menu_order":0,"comment_status":"closed","ping_status":"closed","template":"elementor_header_footer","meta":[],"_links":{"self":[{"href":"https:\/\/het-stekje.nl\/de\/wp-json\/wp\/v2\/pages\/959"}],"collection":[{"href":"https:\/\/het-stekje.nl\/de\/wp-json\/wp\/v2\/pages"}],"about":[{"href":"https:\/\/het-stekje.nl\/de\/wp-json\/wp\/v2\/types\/page"}],"author":[{"embeddable":true,"href":"https:\/\/het-stekje.nl\/de\/wp-json\/wp\/v2\/users\/2"}],"replies":[{"embeddable":true,"href":"https:\/\/het-stekje.nl\/de\/wp-json\/wp\/v2\/comments?post=959"}],"version-history":[{"count":174,"href":"https:\/\/het-stekje.nl\/de\/wp-json\/wp\/v2\/pages\/959\/revisions"}],"predecessor-version":[{"id":1965,"href":"https:\/\/het-stekje.nl\/de\/wp-json\/wp\/v2\/pages\/959\/revisions\/1965"}],"wp:attachment":[{"href":"https:\/\/het-stekje.nl\/de\/wp-json\/wp\/v2\/media?parent=959"}],"curies":[{"name":"wp","href":"https:\/\/api.w.org\/{rel}","templated":true}]}}